{"id":533,"date":"2023-12-18T22:43:42","date_gmt":"2023-12-18T21:43:42","guid":{"rendered":"https:\/\/holiday-study.tn\/ecl-pruefung\/"},"modified":"2024-08-26T16:46:47","modified_gmt":"2024-08-26T14:46:47","slug":"ecl-pruefung","status":"publish","type":"page","link":"https:\/\/holiday-study.tn\/de\/ecl-pruefung\/","title":{"rendered":"ECL-Pr\u00fcfung"},"content":{"rendered":"<p>[et_pb_section fb_built=&#8220;1&#8243; custom_padding_last_edited=&#8220;on|desktop&#8220; next_background_color=&#8220;#ffffff&#8220; admin_label=&#8220;Header&#8220; _builder_version=&#8220;4.5.0&#8243; background_image=&#8220;https:\/\/holiday-study.tn\/wp-content\/uploads\/2023\/12\/test-ecl.png&#8220; background_size=&#8220;contain&#8220; background_position=&#8220;top_right&#8220; custom_padding=&#8220;50px||||false|false&#8220; custom_padding_tablet=&#8220;140px|0px|50px|0px|false|false&#8220; custom_padding_phone=&#8220;120px|||&#8220; bottom_divider_style=&#8220;arrow2&#8243; border_radii=&#8220;on|10px|10px|10px|10px&#8220;][et_pb_row column_structure=&#8220;1_2,1_2&#8243; _builder_version=&#8220;4.5.0&#8243; width=&#8220;95%&#8220; max_width=&#8220;1281px&#8220; use_custom_width=&#8220;on&#8220; custom_width_px=&#8220;1280px&#8220;][et_pb_column type=&#8220;1_2&#8243; _builder_version=&#8220;3.25&#8243; custom_padding=&#8220;|||&#8220; custom_padding__hover=&#8220;|||&#8220;][et_pb_text _builder_version=&#8220;4.5.0&#8243; text_font=&#8220;Alice||||||||&#8220; text_font_size=&#8220;18px&#8220; text_line_height=&#8220;2em&#8220; header_font=&#8220;EB Garamond||||||||&#8220; header_font_size=&#8220;57px&#8220; header_line_height=&#8220;1.3em&#8220; header_3_font=&#8220;Battambang||||||||&#8220; header_3_font_size=&#8220;24px&#8220; header_3_letter_spacing=&#8220;1px&#8220; header_3_line_height=&#8220;1.3em&#8220; max_width=&#8220;678px&#8220; custom_padding=&#8220;|21px||||&#8220; text_font_size_tablet=&#8220;&#8220; text_font_size_phone=&#8220;15px&#8220; text_font_size_last_edited=&#8220;on|phone&#8220; text_line_height_tablet=&#8220;&#8220; text_line_height_phone=&#8220;1.6em&#8220; text_line_height_last_edited=&#8220;on|phone&#8220; header_font_size_tablet=&#8220;50px&#8220; header_font_size_phone=&#8220;32px&#8220; header_font_size_last_edited=&#8220;on|phone&#8220;]<\/p>\n<h1>ECL-Pr\u00fcfung in Tunesien<\/h1>\n<p>&nbsp;<\/p>\n<p>Sie tr\u00e4umen davon, die deutsche Sprache zu beherrschen und Ihre F\u00e4higkeiten mit einem international anerkannten Zertifikat zu belegen?<\/p>\n<p>Hammamet Des Langues Vivantes HLV, Ihr ECL-Pr\u00fcfungszentrum ist da, um Sie bei diesem fesselnden sprachlichen Abenteuer zu begleiten.<\/p>\n<p>[\/et_pb_text][\/et_pb_column][et_pb_column type=&#8220;1_2&#8243; _builder_version=&#8220;3.25&#8243; custom_padding=&#8220;|||&#8220; custom_padding__hover=&#8220;|||&#8220;][\/et_pb_column][\/et_pb_row][\/et_pb_section][et_pb_section fb_built=&#8220;1&#8243; admin_label=&#8220;Why Us&#8220; _builder_version=&#8220;3.22&#8243; width=&#8220;100%&#8220;][et_pb_row _builder_version=&#8220;3.25&#8243; locked=&#8220;off&#8220;][et_pb_column type=&#8220;4_4&#8243; _builder_version=&#8220;3.25&#8243; custom_padding=&#8220;|||&#8220; custom_padding__hover=&#8220;|||&#8220;][et_pb_text _builder_version=&#8220;4.5.0&#8243; text_font=&#8220;EB Garamond|700|||||||&#8220; text_text_color=&#8220;rgba(0,0,0,0.02)&#8220; text_font_size=&#8220;80px&#8220; text_line_height=&#8220;0em&#8220; header_2_font=&#8220;Battambang||||||||&#8220; header_2_font_size=&#8220;50px&#8220; header_2_line_height=&#8220;1.3em&#8220; text_orientation=&#8220;center&#8220; text_font_size_tablet=&#8220;50px&#8220; text_font_size_phone=&#8220;30px&#8220; text_font_size_last_edited=&#8220;on|desktop&#8220; header_2_font_size_tablet=&#8220;40px&#8220; header_2_font_size_phone=&#8220;30px&#8220; header_2_font_size_last_edited=&#8220;on|phone&#8220;]<\/p>\n<p>W\u00c4HLEN SIE UNS<\/p>\n<h2><strong>Warum sollten Sie sich f\u00fcr<\/strong> <strong>HLV<\/strong> <strong>entscheiden?<\/strong><\/h2>\n<p>[\/et_pb_text][\/et_pb_column][\/et_pb_row][et_pb_row column_structure=&#8220;1_2,1_2&#8243; _builder_version=&#8220;3.25&#8243; locked=&#8220;off&#8220;][et_pb_column type=&#8220;1_2&#8243; _builder_version=&#8220;3.25&#8243; custom_padding=&#8220;|||&#8220; custom_padding__hover=&#8220;|||&#8220;][et_pb_blurb title=&#8220;Anerkannte Expertise&#8220; use_icon=&#8220;on&#8220; font_icon=&#8220;%%57%%&#8220; icon_color=&#8220;#0c71c3&#8243; icon_placement=&#8220;left&#8220; content_max_width=&#8220;1100px&#8220; image_max_width_phone=&#8220;50px&#8220; image_max_width_last_edited=&#8220;off|desktop&#8220; _builder_version=&#8220;4.5.0&#8243; header_font=&#8220;|600|||||||&#8220; header_font_size=&#8220;18px&#8220; header_line_height=&#8220;1.6em&#8220; body_font=&#8220;Battambang||||||||&#8220; body_font_size=&#8220;15px&#8220; body_line_height=&#8220;2em&#8220; header_font_size_tablet=&#8220;&#8220; header_font_size_phone=&#8220;15px&#8220; header_font_size_last_edited=&#8220;on|phone&#8220; body_line_height_tablet=&#8220;&#8220; body_line_height_phone=&#8220;1.6em&#8220; body_line_height_last_edited=&#8220;on|phone&#8220;]<\/p>\n<p>Als renommiertes ECL-Pr\u00fcfungszentrum sind wir stolz auf unsere Verpflichtung zu sprachlicher Exzellenz.<\/p>\n<p>Unsere qualifizierten Pr\u00fcferinnen und Pr\u00fcfer folgen den h\u00f6chsten Standards, um Ihre F\u00e4higkeiten fair und genau zu bewerten.<\/p>\n<p>[\/et_pb_blurb][et_pb_blurb title=&#8220;Intensive Vorbereitung &#8220; use_icon=&#8220;on&#8220; font_icon=&#8220;%%57%%&#8220; icon_color=&#8220;#0c71c3&#8243; icon_placement=&#8220;left&#8220; content_max_width=&#8220;1100px&#8220; image_max_width_phone=&#8220;50px&#8220; image_max_width_last_edited=&#8220;off|desktop&#8220; _builder_version=&#8220;4.5.0&#8243; header_font=&#8220;|600|||||||&#8220; header_font_size=&#8220;18px&#8220; header_line_height=&#8220;1.6em&#8220; body_font=&#8220;Battambang||||||||&#8220; body_font_size=&#8220;15px&#8220; body_line_height=&#8220;2em&#8220; header_font_size_tablet=&#8220;&#8220; header_font_size_phone=&#8220;15px&#8220; header_font_size_last_edited=&#8220;on|phone&#8220; body_line_height_tablet=&#8220;&#8220; body_line_height_phone=&#8220;1.6em&#8220; body_line_height_last_edited=&#8220;on|phone&#8220;]<\/p>\n<p>Bevor Sie sich der Herausforderung der B1- und B2-Pr\u00fcfungen stellen, bietet HLV intensive Vorbereitungsprogramme an, die Ihnen helfen, Ihr Potenzial zu maximieren.<\/p>\n<p>Unsere Kurse sind darauf ausgerichtet, Ihre F\u00e4higkeiten in den vier Sprachbereichen Leseverst\u00e4ndnis, H\u00f6rverst\u00e4ndnis, schriftlicher Ausdruck und m\u00fcndlicher Ausdruck zu st\u00e4rken.<\/p>\n<p>[\/et_pb_blurb][et_pb_blurb title=&#8220;Einladende Atmosph\u00e4re&#8220; use_icon=&#8220;on&#8220; font_icon=&#8220;%%57%%&#8220; icon_color=&#8220;#0c71c3&#8243; icon_placement=&#8220;left&#8220; content_max_width=&#8220;1100px&#8220; image_max_width_phone=&#8220;50px&#8220; image_max_width_last_edited=&#8220;off|desktop&#8220; _builder_version=&#8220;4.5.0&#8243; header_font=&#8220;|600|||||||&#8220; header_font_size=&#8220;18px&#8220; header_line_height=&#8220;1.6em&#8220; body_font=&#8220;Battambang||||||||&#8220; body_font_size=&#8220;15px&#8220; body_line_height=&#8220;2em&#8220; header_font_size_tablet=&#8220;&#8220; header_font_size_phone=&#8220;15px&#8220; header_font_size_last_edited=&#8220;on|phone&#8220; body_line_height_tablet=&#8220;&#8220; body_line_height_phone=&#8220;1.6em&#8220; body_line_height_last_edited=&#8220;on|phone&#8220;]<\/p>\n<p> Bei hlv sind Sie nicht nur ein Bewerber unter vielen. Wir schaffen eine einladende und ermutigende Atmosph\u00e4re, damit Sie sich beim Lernen entfalten k\u00f6nnen.<\/p>\n<p>[\/et_pb_blurb][\/et_pb_column][et_pb_column type=&#8220;1_2&#8243; _builder_version=&#8220;3.25&#8243; custom_padding=&#8220;|||&#8220; custom_padding__hover=&#8220;|||&#8220;][et_pb_image src=&#8220;https:\/\/holiday-study.tn\/wp-content\/uploads\/2023\/12\/ecl.jpg&#8220; title_text=&#8220;ecl&#8220; align=&#8220;center&#8220; align_tablet=&#8220;center&#8220; align_phone=&#8220;&#8220; align_last_edited=&#8220;on|desktop&#8220; _builder_version=&#8220;4.5.0&#8243; width=&#8220;100%&#8220; max_width=&#8220;100%&#8220; height=&#8220;550px&#8220; max_height=&#8220;1000px&#8220; custom_margin=&#8220;30px|||30px|false|false&#8220; animation_style=&#8220;slide&#8220; box_shadow_style=&#8220;preset3&#8243;][\/et_pb_image][\/et_pb_column][\/et_pb_row][\/et_pb_section][et_pb_section fb_built=&#8220;1&#8243; admin_label=&#8220;Contact Info&#8220; _builder_version=&#8220;3.22&#8243; custom_padding=&#8220;54px|0|80px|0px|false|false&#8220; locked=&#8220;off&#8220;][et_pb_row make_equal=&#8220;on&#8220; custom_padding_last_edited=&#8220;off|desktop&#8220; padding_top_bottom_link_1=&#8220;true&#8220; padding_top_bottom_link_2=&#8220;true&#8220; padding_left_right_link_1=&#8220;false&#8220; padding_left_right_link_2=&#8220;true&#8220; _builder_version=&#8220;4.5.0&#8243; background_color=&#8220;#ffffff&#8220; max_width=&#8220;1280px&#8220; custom_padding=&#8220;0px||0px||true&#8220; custom_padding_phone=&#8220;|20px||20px||true&#8220; animation_style=&#8220;zoom&#8220; animation_intensity_zoom=&#8220;2%&#8220; border_radii=&#8220;on|12px|12px|12px|12px&#8220; box_shadow_style=&#8220;preset1&#8243; box_shadow_vertical=&#8220;50px&#8220; box_shadow_blur=&#8220;80px&#8220; box_shadow_color=&#8220;rgba(15,19,25,0.1)&#8220; use_custom_width=&#8220;on&#8220; custom_width_px=&#8220;1280px&#8220;][et_pb_column type=&#8220;4_4&#8243; _builder_version=&#8220;3.25&#8243; custom_padding=&#8220;60px||60px|40px&#8220; custom_padding_tablet=&#8220;|40px||&#8220; custom_padding_phone=&#8220;40px|20px|40px|20px|true|true&#8220; custom_padding_last_edited=&#8220;on|tablet&#8220; padding_phone=&#8220;40px|20px|40px|20px|true|true&#8220; padding_tablet=&#8220;|40px||&#8220; padding_last_edited=&#8220;on|tablet&#8220; custom_padding__hover=&#8220;|||&#8220;][et_pb_text _builder_version=&#8220;4.5.0&#8243; text_font=&#8220;Battambang||||||||&#8220; text_font_size=&#8220;16px&#8220; text_line_height=&#8220;2em&#8220; ul_font=&#8220;||||||||&#8220; ol_font=&#8220;||||||||&#8220; header_font=&#8220;||||||||&#8220; header_2_font=&#8220;Battambang||||||||&#8220; header_2_font_size=&#8220;30px&#8220; header_2_line_height=&#8220;1.3em&#8220; header_3_font=&#8220;||||||||&#8220; header_4_font=&#8220;|700||on|||||&#8220; header_4_text_color=&#8220;#ffdaa4&#8243; header_4_font_size=&#8220;12px&#8220; header_4_letter_spacing=&#8220;2px&#8220; header_4_line_height=&#8220;2em&#8220; header_5_font=&#8220;||||||||&#8220; header_6_font=&#8220;||||||||&#8220; header_2_font_size_tablet=&#8220;40px&#8220; header_2_font_size_phone=&#8220;30px&#8220; header_2_font_size_last_edited=&#8220;on|phone&#8220; locked=&#8220;off&#8220;]<\/p>\n<h3 style=\"text-align: center;\"><strong>Bei HLV glauben wir an Ihren sprachlichen Erfolg. <\/strong><\/h3>\n<h3 style=\"text-align: center;\"><strong>Nehmen Sie die Herausforderung mit uns an und \u00f6ffnen Sie die T\u00fcr zu einer Zukunft voller M\u00f6glichkeiten.<\/strong><\/h3>\n<p><strong><\/strong><\/p>\n<p><strong><\/strong><\/p>\n<p>F\u00fcr weitere Informationen und um Ihren Platz zu reservieren, kontaktieren Sie uns noch heute!<\/p>\n<p>[\/et_pb_text][et_pb_contact_form email=&#8220;contact@holiday-study.tn&#8220; custom_message=&#8220;||et_pb_line_break_holder||%%name%%||et_pb_line_break_holder||%%email%%||et_pb_line_break_holder||||et_pb_line_break_holder||%%message%%&#8220; success_message=&#8220;Danke! Wir werden uns sp\u00e4ter mit Ihnen in Verbindung setzen&#8220; submit_button_text=&#8220;Senden Sie&#8220; module_id=&#8220;et_pb_contact_form_0&#8243; _builder_version=&#8220;4.5.0&#8243; form_field_background_color=&#8220;#f3f4f5&#8243; form_field_font=&#8220;||||||||&#8220; form_field_line_height=&#8220;2em&#8220; custom_button=&#8220;on&#8220; button_text_size=&#8220;16px&#8220; button_text_color=&#8220;#ffffff&#8220; button_bg_color=&#8220;#0c71c3&#8243; button_border_width=&#8220;10px&#8220; button_border_color=&#8220;rgba(0,0,0,0)&#8220; button_border_radius=&#8220;100px&#8220; button_letter_spacing=&#8220;1px&#8220; button_font=&#8220;|700||on|||||&#8220; width=&#8220;75%&#8220; border_radii=&#8220;on|3px|3px|3px|3px&#8220; box_shadow_style_button=&#8220;preset1&#8243; box_shadow_vertical_button=&#8220;10px&#8220; box_shadow_blur_button=&#8220;30px&#8220; box_shadow_color_button=&#8220;rgba(255,77,84,0.24)&#8220; form_background_color=&#8220;#f3f4f5&#8243; button_letter_spacing_hover=&#8220;1px&#8220;][et_pb_contact_field field_id=&#8220;Name&#8220; field_title=&#8220;Name &#038; Vorname &#8220; _builder_version=&#8220;4.5.0&#8243; button_text_size__hover_enabled=&#8220;off&#8220; button_one_text_size__hover_enabled=&#8220;off&#8220; button_two_text_size__hover_enabled=&#8220;off&#8220; button_text_color__hover_enabled=&#8220;off&#8220; button_one_text_color__hover_enabled=&#8220;off&#8220; button_two_text_color__hover_enabled=&#8220;off&#8220; button_border_width__hover_enabled=&#8220;off&#8220; button_one_border_width__hover_enabled=&#8220;off&#8220; button_two_border_width__hover_enabled=&#8220;off&#8220; button_border_color__hover_enabled=&#8220;off&#8220; button_one_border_color__hover_enabled=&#8220;off&#8220; button_two_border_color__hover_enabled=&#8220;off&#8220; button_border_radius__hover_enabled=&#8220;off&#8220; button_one_border_radius__hover_enabled=&#8220;off&#8220; button_two_border_radius__hover_enabled=&#8220;off&#8220; button_letter_spacing__hover_enabled=&#8220;off&#8220; button_one_letter_spacing__hover_enabled=&#8220;off&#8220; button_two_letter_spacing__hover_enabled=&#8220;off&#8220; button_bg_color__hover_enabled=&#8220;off&#8220; button_one_bg_color__hover_enabled=&#8220;off&#8220; button_two_bg_color__hover_enabled=&#8220;off&#8220;][\/et_pb_contact_field][et_pb_contact_field field_id=&#8220;Email&#8220; field_title=&#8220;E-Mail-Adresse&#8220; field_type=&#8220;email&#8220; _builder_version=&#8220;4.5.0&#8243; button_text_size__hover_enabled=&#8220;off&#8220; button_one_text_size__hover_enabled=&#8220;off&#8220; button_two_text_size__hover_enabled=&#8220;off&#8220; button_text_color__hover_enabled=&#8220;off&#8220; button_one_text_color__hover_enabled=&#8220;off&#8220; button_two_text_color__hover_enabled=&#8220;off&#8220; button_border_width__hover_enabled=&#8220;off&#8220; button_one_border_width__hover_enabled=&#8220;off&#8220; button_two_border_width__hover_enabled=&#8220;off&#8220; button_border_color__hover_enabled=&#8220;off&#8220; button_one_border_color__hover_enabled=&#8220;off&#8220; button_two_border_color__hover_enabled=&#8220;off&#8220; button_border_radius__hover_enabled=&#8220;off&#8220; button_one_border_radius__hover_enabled=&#8220;off&#8220; button_two_border_radius__hover_enabled=&#8220;off&#8220; button_letter_spacing__hover_enabled=&#8220;off&#8220; button_one_letter_spacing__hover_enabled=&#8220;off&#8220; button_two_letter_spacing__hover_enabled=&#8220;off&#8220; button_bg_color__hover_enabled=&#8220;off&#8220; button_one_bg_color__hover_enabled=&#8220;off&#8220; button_two_bg_color__hover_enabled=&#8220;off&#8220;][\/et_pb_contact_field][et_pb_contact_field field_id=&#8220;Message&#8220; field_title=&#8220;Nachricht&#8220; field_type=&#8220;text&#8220; fullwidth_field=&#8220;on&#8220; _builder_version=&#8220;3.16&#8243; form_field_font=&#8220;||||||||&#8220; custom_margin=&#8220;||40px|&#8220; button_text_size__hover_enabled=&#8220;off&#8220; button_one_text_size__hover_enabled=&#8220;off&#8220; button_two_text_size__hover_enabled=&#8220;off&#8220; button_text_color__hover_enabled=&#8220;off&#8220; button_one_text_color__hover_enabled=&#8220;off&#8220; button_two_text_color__hover_enabled=&#8220;off&#8220; button_border_width__hover_enabled=&#8220;off&#8220; button_one_border_width__hover_enabled=&#8220;off&#8220; button_two_border_width__hover_enabled=&#8220;off&#8220; button_border_color__hover_enabled=&#8220;off&#8220; button_one_border_color__hover_enabled=&#8220;off&#8220; button_two_border_color__hover_enabled=&#8220;off&#8220; button_border_radius__hover_enabled=&#8220;off&#8220; button_one_border_radius__hover_enabled=&#8220;off&#8220; button_two_border_radius__hover_enabled=&#8220;off&#8220; button_letter_spacing__hover_enabled=&#8220;off&#8220; button_one_letter_spacing__hover_enabled=&#8220;off&#8220; button_two_letter_spacing__hover_enabled=&#8220;off&#8220; button_bg_color__hover_enabled=&#8220;off&#8220; button_one_bg_color__hover_enabled=&#8220;off&#8220; button_two_bg_color__hover_enabled=&#8220;off&#8220;][\/et_pb_contact_field][\/et_pb_contact_form][\/et_pb_column][\/et_pb_row][\/et_pb_section]<\/p>\n","protected":false},"excerpt":{"rendered":"<p>[et_pb_section fb_built=&#8220;1&#8243; custom_padding_last_edited=&#8220;on|desktop&#8220; next_background_color=&#8220;#ffffff&#8220; admin_label=&#8220;Header&#8220; _builder_version=&#8220;4.5.0&#8243; background_image=&#8220;https:\/\/holiday-study.tn\/wp-content\/uploads\/2023\/12\/test-ecl.png&#8220; background_size=&#8220;contain&#8220; background_position=&#8220;top_right&#8220; custom_padding=&#8220;50px||||false|false&#8220; custom_padding_tablet=&#8220;140px|0px|50px|0px|false|false&#8220; custom_padding_phone=&#8220;120px|||&#8220; bottom_divider_style=&#8220;arrow2&#8243; border_radii=&#8220;on|10px|10px|10px|10px&#8220;][et_pb_row column_structure=&#8220;1_2,1_2&#8243; _builder_version=&#8220;4.5.0&#8243; width=&#8220;95%&#8220; max_width=&#8220;1281px&#8220; use_custom_width=&#8220;on&#8220; custom_width_px=&#8220;1280px&#8220;][et_pb_column type=&#8220;1_2&#8243; _builder_version=&#8220;3.25&#8243; custom_padding=&#8220;|||&#8220; custom_padding__hover=&#8220;|||&#8220;][et_pb_text _builder_version=&#8220;4.5.0&#8243; text_font=&#8220;Alice||||||||&#8220; text_font_size=&#8220;18px&#8220; text_line_height=&#8220;2em&#8220; header_font=&#8220;EB Garamond||||||||&#8220; header_font_size=&#8220;57px&#8220; header_line_height=&#8220;1.3em&#8220; header_3_font=&#8220;Battambang||||||||&#8220; header_3_font_size=&#8220;24px&#8220; header_3_letter_spacing=&#8220;1px&#8220; header_3_line_height=&#8220;1.3em&#8220; max_width=&#8220;678px&#8220; custom_padding=&#8220;|21px||||&#8220; text_font_size_tablet=&#8220;&#8220; text_font_size_phone=&#8220;15px&#8220; text_font_size_last_edited=&#8220;on|phone&#8220; text_line_height_tablet=&#8220;&#8220; text_line_height_phone=&#8220;1.6em&#8220; text_line_height_last_edited=&#8220;on|phone&#8220; header_font_size_tablet=&#8220;50px&#8220; header_font_size_phone=&#8220;32px&#8220; header_font_size_last_edited=&#8220;on|phone&#8220;] ECL-Pr\u00fcfung in Tunesien &nbsp; Sie tr\u00e4umen davon, die [&hellip;]<\/p>\n","protected":false},"author":1,"featured_media":0,"parent":0,"menu_order":0,"comment_status":"closed","ping_status":"closed","template":"","meta":{"_et_pb_use_builder":"on","_et_pb_old_content":"","_et_gb_content_width":"","footnotes":""},"class_list":["post-533","page","type-page","status-publish","hentry"],"_links":{"self":[{"href":"https:\/\/holiday-study.tn\/de\/wp-json\/wp\/v2\/pages\/533","targetHints":{"allow":["GET"]}}],"collection":[{"href":"https:\/\/holiday-study.tn\/de\/wp-json\/wp\/v2\/pages"}],"about":[{"href":"https:\/\/holiday-study.tn\/de\/wp-json\/wp\/v2\/types\/page"}],"author":[{"embeddable":true,"href":"https:\/\/holiday-study.tn\/de\/wp-json\/wp\/v2\/users\/1"}],"replies":[{"embeddable":true,"href":"https:\/\/holiday-study.tn\/de\/wp-json\/wp\/v2\/comments?post=533"}],"version-history":[{"count":6,"href":"https:\/\/holiday-study.tn\/de\/wp-json\/wp\/v2\/pages\/533\/revisions"}],"predecessor-version":[{"id":750,"href":"https:\/\/holiday-study.tn\/de\/wp-json\/wp\/v2\/pages\/533\/revisions\/750"}],"wp:attachment":[{"href":"https:\/\/holiday-study.tn\/de\/wp-json\/wp\/v2\/media?parent=533"}],"curies":[{"name":"wp","href":"https:\/\/api.w.org\/{rel}","templated":true}]}}