{"id":526,"date":"2023-12-08T20:31:51","date_gmt":"2023-12-08T19:31:51","guid":{"rendered":"https:\/\/holiday-study.tn\/kontakt\/"},"modified":"2024-08-26T17:04:09","modified_gmt":"2024-08-26T15:04:09","slug":"kontakt","status":"publish","type":"page","link":"https:\/\/holiday-study.tn\/de\/kontakt\/","title":{"rendered":"Kontakt"},"content":{"rendered":"<p>[et_pb_section fb_built=&#8220;1&#8243; custom_padding_last_edited=&#8220;on|phone&#8220; admin_label=&#8220;Header&#8220; _builder_version=&#8220;3.22&#8243; use_background_color_gradient=&#8220;on&#8220; background_color_gradient_start=&#8220;rgba(60,190,190,0.2)&#8220; background_color_gradient_end=&#8220;rgba(255,255,255,0.98)&#8220; background_color_gradient_overlays_image=&#8220;on&#8220; background_image=&#8220;https:\/\/holiday-study.tn\/wp-content\/uploads\/2023\/12\/language-school-illustration-13.png&#8220; background_position=&#8220;bottom_center&#8220; custom_padding=&#8220;110px||110px||true|false&#8220; custom_padding_tablet=&#8220;140px|0px|50px|0px|false|false&#8220; custom_padding_phone=&#8220;120px|||&#8220;][et_pb_row _builder_version=&#8220;3.25&#8243; background_size=&#8220;initial&#8220; background_position=&#8220;top_left&#8220; background_repeat=&#8220;repeat&#8220; max_width=&#8220;1280px&#8220; use_custom_width=&#8220;on&#8220; custom_width_px=&#8220;1280px&#8220;][et_pb_column type=&#8220;4_4&#8243; _builder_version=&#8220;3.25&#8243; custom_padding=&#8220;|||&#8220; custom_padding__hover=&#8220;|||&#8220;][et_pb_text _builder_version=&#8220;4.5.0&#8243; text_font=&#8220;||||||||&#8220; text_font_size=&#8220;18px&#8220; text_line_height=&#8220;2em&#8220; header_font=&#8220;EB Garamond||||||||&#8220; header_font_size=&#8220;60px&#8220; header_line_height=&#8220;1.3em&#8220; text_orientation=&#8220;center&#8220; max_width=&#8220;600px&#8220; module_alignment=&#8220;center&#8220; text_font_size_tablet=&#8220;&#8220; text_font_size_phone=&#8220;15px&#8220; text_font_size_last_edited=&#8220;on|phone&#8220; text_line_height_tablet=&#8220;&#8220; text_line_height_phone=&#8220;1.6em&#8220; text_line_height_last_edited=&#8220;on|phone&#8220; header_font_size_tablet=&#8220;50px&#8220; header_font_size_phone=&#8220;32px&#8220; header_font_size_last_edited=&#8220;on|phone&#8220;]<\/p>\n<h1>Kontaktieren Sie uns<\/h1>\n<p><strong>F\u00fcr weitere Informationen kontaktieren Sie uns noch heute!<\/strong><\/p>\n<p>[\/et_pb_text][\/et_pb_column][\/et_pb_row][\/et_pb_section][et_pb_section fb_built=&#8220;1&#8243; admin_label=&#8220;Features&#8220; _builder_version=&#8220;3.22&#8243; locked=&#8220;off&#8220;][et_pb_row column_structure=&#8220;1_3,1_3,1_3&#8243; use_custom_gutter=&#8220;on&#8220; gutter_width=&#8220;2&#8243; _builder_version=&#8220;4.5.0&#8243; max_width=&#8220;2560px&#8220; use_custom_width=&#8220;on&#8220; custom_width_px=&#8220;1280px&#8220;][et_pb_column type=&#8220;1_3&#8243; _builder_version=&#8220;3.25&#8243; custom_padding=&#8220;|||&#8220; custom_padding__hover=&#8220;|||&#8220;][et_pb_blurb title=&#8220;Sprachzertifikate&#8220; image=&#8220;https:\/\/holiday-study.tn\/wp-content\/uploads\/2023\/12\/language-school-04.png&#8220; icon_placement=&#8220;left&#8220; image_max_width=&#8220;100px&#8220; content_max_width=&#8220;1100px&#8220; image_max_width_tablet=&#8220;&#8220; image_max_width_phone=&#8220;50px&#8220; image_max_width_last_edited=&#8220;on|phone&#8220; _builder_version=&#8220;4.5.0&#8243; header_font=&#8220;|600|||||||&#8220; header_font_size=&#8220;18px&#8220; header_line_height=&#8220;1.6em&#8220; body_font=&#8220;Alice||||||||&#8220; body_line_height=&#8220;2em&#8220; custom_padding=&#8220;|||24px&#8220; custom_padding_tablet=&#8220;&#8220; custom_padding_phone=&#8220;|||4px&#8220; custom_padding_last_edited=&#8220;on|phone&#8220; animation_style=&#8220;fold&#8220; animation_direction=&#8220;left&#8220; animation_intensity_fold=&#8220;10%&#8220; animation=&#8220;off&#8220; header_font_size_tablet=&#8220;&#8220; header_font_size_phone=&#8220;15px&#8220; header_font_size_last_edited=&#8220;on|phone&#8220; body_line_height_tablet=&#8220;&#8220; body_line_height_phone=&#8220;1.6em&#8220; body_line_height_last_edited=&#8220;on|phone&#8220; border_color_all=&#8220;rgba(0,0,0,0.18)&#8220; border_style_all=&#8220;dotted&#8220; border_width_left=&#8220;2px&#8220;]<\/p>\n<p><span>Die Sprachzertifikate von HLV st\u00e4rken Ihr berufliches Profil, indem sie Ihre Sprachkenntnisse formell best\u00e4tigen.<\/span><\/p>\n<p>[\/et_pb_blurb][\/et_pb_column][et_pb_column type=&#8220;1_3&#8243; _builder_version=&#8220;3.25&#8243; custom_padding=&#8220;|||&#8220; custom_padding__hover=&#8220;|||&#8220;][et_pb_blurb title=&#8220;Online-Studium&#8220; image=&#8220;https:\/\/holiday-study.tn\/wp-content\/uploads\/2023\/12\/language-school-illustration-25.png&#8220; icon_placement=&#8220;left&#8220; image_max_width=&#8220;100px&#8220; content_max_width=&#8220;1100px&#8220; image_max_width_tablet=&#8220;&#8220; image_max_width_phone=&#8220;50px&#8220; image_max_width_last_edited=&#8220;on|phone&#8220; _builder_version=&#8220;4.5.0&#8243; header_font=&#8220;|600|||||||&#8220; header_font_size=&#8220;18px&#8220; header_line_height=&#8220;1.6em&#8220; body_font=&#8220;Alice||||||||&#8220; body_line_height=&#8220;2em&#8220; custom_padding=&#8220;|||24px&#8220; custom_padding_tablet=&#8220;&#8220; custom_padding_phone=&#8220;|||4px&#8220; custom_padding_last_edited=&#8220;on|phone&#8220; animation_style=&#8220;fold&#8220; animation_direction=&#8220;left&#8220; animation_intensity_fold=&#8220;10%&#8220; animation=&#8220;off&#8220; header_font_size_tablet=&#8220;&#8220; header_font_size_phone=&#8220;15px&#8220; header_font_size_last_edited=&#8220;on|phone&#8220; body_line_height_tablet=&#8220;&#8220; body_line_height_phone=&#8220;1.6em&#8220; body_line_height_last_edited=&#8220;on|phone&#8220; border_color_all=&#8220;rgba(0,0,0,0.18)&#8220; border_style_all=&#8220;dotted&#8220; border_width_left=&#8220;2px&#8220; locked=&#8220;off&#8220;]<\/p>\n<p><span>HLV bietet innovative Online-Studieng\u00e4nge an, die flexible und zug\u00e4ngliche Lernm\u00f6glichkeiten bieten.<\/span><\/p>\n<p>[\/et_pb_blurb][\/et_pb_column][et_pb_column type=&#8220;1_3&#8243; _builder_version=&#8220;3.25&#8243; custom_padding=&#8220;|||&#8220; custom_padding__hover=&#8220;|||&#8220;][et_pb_blurb title=&#8220;27 Jahre Spitzenleistungen&#8220; image=&#8220;https:\/\/holiday-study.tn\/wp-content\/uploads\/2023\/12\/language-school-illustration-17.png&#8220; icon_placement=&#8220;left&#8220; image_max_width=&#8220;100px&#8220; content_max_width=&#8220;1100px&#8220; image_max_width_tablet=&#8220;&#8220; image_max_width_phone=&#8220;50px&#8220; image_max_width_last_edited=&#8220;on|phone&#8220; _builder_version=&#8220;4.5.0&#8243; header_font=&#8220;|600|||||||&#8220; header_font_size=&#8220;18px&#8220; header_line_height=&#8220;1.6em&#8220; body_font=&#8220;Alice||||||||&#8220; body_line_height=&#8220;2em&#8220; custom_padding=&#8220;|||24px&#8220; custom_padding_tablet=&#8220;&#8220; custom_padding_phone=&#8220;|||4px&#8220; custom_padding_last_edited=&#8220;on|phone&#8220; animation_style=&#8220;fold&#8220; animation_direction=&#8220;left&#8220; animation_intensity_fold=&#8220;10%&#8220; animation=&#8220;off&#8220; header_font_size_tablet=&#8220;&#8220; header_font_size_phone=&#8220;15px&#8220; header_font_size_last_edited=&#8220;on|phone&#8220; body_line_height_tablet=&#8220;&#8220; body_line_height_phone=&#8220;1.6em&#8220; body_line_height_last_edited=&#8220;on|phone&#8220; border_color_all=&#8220;rgba(0,0,0,0.18)&#8220; border_style_all=&#8220;dotted&#8220; border_width_left=&#8220;2px&#8220; locked=&#8220;off&#8220;]<\/p>\n<p>HLV feiert stolz 27 Jahre Spitzenleistungen, die einen bemerkenswerten Weg der Innovation und des kontinuierlichen Engagements verk\u00f6rpern.<\/p>\n<p>[\/et_pb_blurb][\/et_pb_column][\/et_pb_row][\/et_pb_section][et_pb_section fb_built=&#8220;1&#8243; admin_label=&#8220;Contact Info&#8220; _builder_version=&#8220;3.22&#8243; custom_padding=&#8220;54px|0|80px|0px|false|false&#8220;][et_pb_row column_structure=&#8220;2_3,1_3&#8243; make_equal=&#8220;on&#8220; custom_padding_last_edited=&#8220;off|desktop&#8220; padding_top_bottom_link_1=&#8220;true&#8220; padding_top_bottom_link_2=&#8220;true&#8220; padding_left_right_link_1=&#8220;false&#8220; padding_left_right_link_2=&#8220;true&#8220; _builder_version=&#8220;4.5.0&#8243; background_color=&#8220;#ffffff&#8220; max_width=&#8220;1280px&#8220; custom_padding=&#8220;0px||0px||true&#8220; custom_padding_phone=&#8220;|20px||20px||true&#8220; animation_style=&#8220;zoom&#8220; animation_intensity_zoom=&#8220;2%&#8220; border_radii=&#8220;on|12px|12px|12px|12px&#8220; box_shadow_style=&#8220;preset1&#8243; box_shadow_vertical=&#8220;50px&#8220; box_shadow_blur=&#8220;80px&#8220; box_shadow_color=&#8220;rgba(15,19,25,0.1)&#8220; use_custom_width=&#8220;on&#8220; custom_width_px=&#8220;1280px&#8220;][et_pb_column type=&#8220;2_3&#8243; _builder_version=&#8220;3.25&#8243; custom_padding=&#8220;60px||60px|40px&#8220; custom_padding_tablet=&#8220;|40px||&#8220; custom_padding_phone=&#8220;40px|20px|40px|20px|true|true&#8220; custom_padding_last_edited=&#8220;on|tablet&#8220; padding_phone=&#8220;40px|20px|40px|20px|true|true&#8220; padding_tablet=&#8220;|40px||&#8220; padding_last_edited=&#8220;on|tablet&#8220; custom_padding__hover=&#8220;|||&#8220;][et_pb_text _builder_version=&#8220;4.5.0&#8243; text_font=&#8220;||||||||&#8220; text_font_size=&#8220;16px&#8220; text_line_height=&#8220;2em&#8220; ul_font=&#8220;||||||||&#8220; ol_font=&#8220;||||||||&#8220; header_font=&#8220;||||||||&#8220; header_2_font=&#8220;EB Garamond||||||||&#8220; header_2_font_size=&#8220;50px&#8220; header_2_line_height=&#8220;1.3em&#8220; header_3_font=&#8220;||||||||&#8220; header_4_font=&#8220;|700||on|||||&#8220; header_4_text_color=&#8220;#ffdaa4&#8243; header_4_font_size=&#8220;12px&#8220; header_4_letter_spacing=&#8220;2px&#8220; header_4_line_height=&#8220;2em&#8220; header_5_font=&#8220;||||||||&#8220; header_6_font=&#8220;||||||||&#8220; header_2_font_size_tablet=&#8220;40px&#8220; header_2_font_size_phone=&#8220;30px&#8220; header_2_font_size_last_edited=&#8220;on|phone&#8220; locked=&#8220;off&#8220;]<\/p>\n<h4>E-Mail<\/h4>\n<h2>Schicken Sie uns jederzeit eine Nachricht!<\/h2>\n<p>[\/et_pb_text][et_pb_contact_form email=&#8220;contact@holiday-study.tn&#8220; custom_message=&#8220;||et_pb_line_break_holder||%%name%%||et_pb_line_break_holder||%%email%%||et_pb_line_break_holder||||et_pb_line_break_holder||%%message%%&#8220; success_message=&#8220;Danke! Wir werden uns sp\u00e4ter mit Ihnen in Verbindung setzen&#8220; submit_button_text=&#8220;Senden Sie&#8220; module_id=&#8220;et_pb_contact_form_0&#8243; _builder_version=&#8220;4.5.0&#8243; form_field_background_color=&#8220;#f3f4f5&#8243; form_field_font=&#8220;||||||||&#8220; form_field_line_height=&#8220;2em&#8220; custom_button=&#8220;on&#8220; button_text_size=&#8220;16px&#8220; button_text_color=&#8220;#ffffff&#8220; button_bg_color=&#8220;#0c71c3&#8243; button_border_width=&#8220;10px&#8220; button_border_color=&#8220;rgba(0,0,0,0)&#8220; button_border_radius=&#8220;100px&#8220; button_letter_spacing=&#8220;1px&#8220; button_font=&#8220;|700||on|||||&#8220; border_radii=&#8220;on|3px|3px|3px|3px&#8220; box_shadow_style_button=&#8220;preset1&#8243; box_shadow_vertical_button=&#8220;10px&#8220; box_shadow_blur_button=&#8220;30px&#8220; box_shadow_color_button=&#8220;rgba(255,77,84,0.24)&#8220; form_background_color=&#8220;#f3f4f5&#8243; button_letter_spacing_hover=&#8220;1px&#8220;][et_pb_contact_field field_id=&#8220;Name&#8220; field_title=&#8220;Name &#038; Vorname &#8220; _builder_version=&#8220;4.5.0&#8243; button_text_size__hover_enabled=&#8220;off&#8220; button_one_text_size__hover_enabled=&#8220;off&#8220; button_two_text_size__hover_enabled=&#8220;off&#8220; button_text_color__hover_enabled=&#8220;off&#8220; button_one_text_color__hover_enabled=&#8220;off&#8220; button_two_text_color__hover_enabled=&#8220;off&#8220; button_border_width__hover_enabled=&#8220;off&#8220; button_one_border_width__hover_enabled=&#8220;off&#8220; button_two_border_width__hover_enabled=&#8220;off&#8220; button_border_color__hover_enabled=&#8220;off&#8220; button_one_border_color__hover_enabled=&#8220;off&#8220; button_two_border_color__hover_enabled=&#8220;off&#8220; button_border_radius__hover_enabled=&#8220;off&#8220; button_one_border_radius__hover_enabled=&#8220;off&#8220; button_two_border_radius__hover_enabled=&#8220;off&#8220; button_letter_spacing__hover_enabled=&#8220;off&#8220; button_one_letter_spacing__hover_enabled=&#8220;off&#8220; button_two_letter_spacing__hover_enabled=&#8220;off&#8220; button_bg_color__hover_enabled=&#8220;off&#8220; button_one_bg_color__hover_enabled=&#8220;off&#8220; button_two_bg_color__hover_enabled=&#8220;off&#8220;][\/et_pb_contact_field][et_pb_contact_field field_id=&#8220;Email&#8220; field_title=&#8220;E-Mail-Adresse&#8220; field_type=&#8220;email&#8220; _builder_version=&#8220;4.5.0&#8243; button_text_size__hover_enabled=&#8220;off&#8220; button_one_text_size__hover_enabled=&#8220;off&#8220; button_two_text_size__hover_enabled=&#8220;off&#8220; button_text_color__hover_enabled=&#8220;off&#8220; button_one_text_color__hover_enabled=&#8220;off&#8220; button_two_text_color__hover_enabled=&#8220;off&#8220; button_border_width__hover_enabled=&#8220;off&#8220; button_one_border_width__hover_enabled=&#8220;off&#8220; button_two_border_width__hover_enabled=&#8220;off&#8220; button_border_color__hover_enabled=&#8220;off&#8220; button_one_border_color__hover_enabled=&#8220;off&#8220; button_two_border_color__hover_enabled=&#8220;off&#8220; button_border_radius__hover_enabled=&#8220;off&#8220; button_one_border_radius__hover_enabled=&#8220;off&#8220; button_two_border_radius__hover_enabled=&#8220;off&#8220; button_letter_spacing__hover_enabled=&#8220;off&#8220; button_one_letter_spacing__hover_enabled=&#8220;off&#8220; button_two_letter_spacing__hover_enabled=&#8220;off&#8220; button_bg_color__hover_enabled=&#8220;off&#8220; button_one_bg_color__hover_enabled=&#8220;off&#8220; button_two_bg_color__hover_enabled=&#8220;off&#8220;][\/et_pb_contact_field][et_pb_contact_field field_id=&#8220;Message&#8220; field_title=&#8220;Nachricht&#8220; field_type=&#8220;text&#8220; fullwidth_field=&#8220;on&#8220; _builder_version=&#8220;3.16&#8243; form_field_font=&#8220;||||||||&#8220; custom_margin=&#8220;||40px|&#8220; button_text_size__hover_enabled=&#8220;off&#8220; button_one_text_size__hover_enabled=&#8220;off&#8220; button_two_text_size__hover_enabled=&#8220;off&#8220; button_text_color__hover_enabled=&#8220;off&#8220; button_one_text_color__hover_enabled=&#8220;off&#8220; button_two_text_color__hover_enabled=&#8220;off&#8220; button_border_width__hover_enabled=&#8220;off&#8220; button_one_border_width__hover_enabled=&#8220;off&#8220; button_two_border_width__hover_enabled=&#8220;off&#8220; button_border_color__hover_enabled=&#8220;off&#8220; button_one_border_color__hover_enabled=&#8220;off&#8220; button_two_border_color__hover_enabled=&#8220;off&#8220; button_border_radius__hover_enabled=&#8220;off&#8220; button_one_border_radius__hover_enabled=&#8220;off&#8220; button_two_border_radius__hover_enabled=&#8220;off&#8220; button_letter_spacing__hover_enabled=&#8220;off&#8220; button_one_letter_spacing__hover_enabled=&#8220;off&#8220; button_two_letter_spacing__hover_enabled=&#8220;off&#8220; button_bg_color__hover_enabled=&#8220;off&#8220; button_one_bg_color__hover_enabled=&#8220;off&#8220; button_two_bg_color__hover_enabled=&#8220;off&#8220;][\/et_pb_contact_field][\/et_pb_contact_form][\/et_pb_column][et_pb_column type=&#8220;1_3&#8243; _builder_version=&#8220;4.5.0&#8243; background_color=&#8220;#0c71c3&#8243; custom_padding=&#8220;60px|40px|60px|40px&#8220; custom_padding_tablet=&#8220;60px||60px||true|true&#8220; custom_padding_phone=&#8220;40px|20px|40px|20px|true|true&#8220; custom_padding_last_edited=&#8220;on|tablet&#8220; padding_phone=&#8220;40px|20px|40px|20px|true|true&#8220; padding_tablet=&#8220;60px||60px||true|true&#8220; padding_last_edited=&#8220;on|tablet&#8220; custom_padding__hover=&#8220;|||&#8220;][et_pb_text _builder_version=&#8220;4.5.0&#8243; text_font=&#8220;||||||||&#8220; text_text_color=&#8220;#ffffff&#8220; text_font_size=&#8220;15px&#8220; text_line_height=&#8220;2em&#8220; header_font=&#8220;||||||||&#8220; header_text_color=&#8220;#ffffff&#8220; header_2_font=&#8220;||||||||&#8220; header_3_font=&#8220;EB Garamond||||||||&#8220; header_3_text_color=&#8220;#ffffff&#8220; header_3_font_size=&#8220;30px&#8220; header_3_line_height=&#8220;1.4em&#8220; header_4_font=&#8220;|700||on|||||&#8220; header_4_text_color=&#8220;#ffffff&#8220; header_4_font_size=&#8220;12px&#8220; header_4_letter_spacing=&#8220;2px&#8220; header_4_line_height=&#8220;2em&#8220; text_line_height_tablet=&#8220;&#8220; text_line_height_phone=&#8220;1.6em&#8220; text_line_height_last_edited=&#8220;on|phone&#8220; header_3_font_size_phone=&#8220;30px&#8220; header_3_font_size_last_edited=&#8220;off|desktop&#8220; locked=&#8220;off&#8220;]<\/p>\n<h4>Info<\/h4>\n<h3>Kontaktieren Sie uns oder besuchen Sie uns<\/h3>\n<p>[\/et_pb_text][et_pb_blurb title=&#8220;E-Mail-Adresse&#8220; use_icon=&#8220;on&#8220; font_icon=&#8220;%%238%%&#8220; icon_color=&#8220;#1d2530&#8243; icon_placement=&#8220;left&#8220; content_max_width=&#8220;1100px&#8220; image_max_width_phone=&#8220;50px&#8220; image_max_width_last_edited=&#8220;off|desktop&#8220; _builder_version=&#8220;4.5.0&#8243; header_font=&#8220;|600|||||||&#8220; header_text_color=&#8220;#ffffff&#8220; header_font_size=&#8220;18px&#8220; header_line_height=&#8220;1.6em&#8220; body_font=&#8220;||||||||&#8220; body_text_color=&#8220;#ffffff&#8220; body_font_size=&#8220;15px&#8220; body_line_height=&#8220;2em&#8220; custom_padding=&#8220;2px||7px|||&#8220; header_font_size_tablet=&#8220;&#8220; header_font_size_phone=&#8220;15px&#8220; header_font_size_last_edited=&#8220;on|phone&#8220; body_line_height_tablet=&#8220;&#8220; body_line_height_phone=&#8220;1.6em&#8220; body_line_height_last_edited=&#8220;on|phone&#8220; locked=&#8220;off&#8220;]<\/p>\n<p>contact@holiday-study.tn<\/p>\n<p>[\/et_pb_blurb][et_pb_blurb title=&#8220;Vermietung&#8220; use_icon=&#8220;on&#8220; font_icon=&#8220;%%249%%&#8220; icon_color=&#8220;#1d2530&#8243; icon_placement=&#8220;left&#8220; content_max_width=&#8220;1100px&#8220; image_max_width_phone=&#8220;50px&#8220; image_max_width_last_edited=&#8220;off|desktop&#8220; _builder_version=&#8220;4.5.0&#8243; header_font=&#8220;|600|||||||&#8220; header_text_color=&#8220;#ffffff&#8220; header_font_size=&#8220;18px&#8220; header_line_height=&#8220;1.6em&#8220; body_font=&#8220;||||||||&#8220; body_text_color=&#8220;#ffffff&#8220; body_font_size=&#8220;15px&#8220; body_line_height=&#8220;2em&#8220; header_font_size_tablet=&#8220;&#8220; header_font_size_phone=&#8220;15px&#8220; header_font_size_last_edited=&#8220;on|phone&#8220; body_line_height_tablet=&#8220;&#8220; body_line_height_phone=&#8220;1.6em&#8220; body_line_height_last_edited=&#8220;on|phone&#8220; locked=&#8220;off&#8220;]<\/p>\n<p>1234 Divi St.<br \/> San Francisco, CA, 92351<\/p>\n<p>[\/et_pb_blurb][et_pb_blurb title=&#8220;Telefon&#8220; use_icon=&#8220;on&#8220; font_icon=&#8220;%%264%%&#8220; icon_color=&#8220;#1d2530&#8243; icon_placement=&#8220;left&#8220; content_max_width=&#8220;1100px&#8220; image_max_width_phone=&#8220;50px&#8220; image_max_width_last_edited=&#8220;off|desktop&#8220; _builder_version=&#8220;4.5.0&#8243; header_font=&#8220;|600|||||||&#8220; header_text_color=&#8220;#ffffff&#8220; header_font_size=&#8220;18px&#8220; header_line_height=&#8220;1.6em&#8220; body_font=&#8220;||||||||&#8220; body_text_color=&#8220;#ffffff&#8220; body_font_size=&#8220;15px&#8220; body_line_height=&#8220;2em&#8220; header_font_size_tablet=&#8220;&#8220; header_font_size_phone=&#8220;15px&#8220; header_font_size_last_edited=&#8220;on|phone&#8220; body_line_height_tablet=&#8220;&#8220; body_line_height_phone=&#8220;1.6em&#8220; body_line_height_last_edited=&#8220;on|phone&#8220; locked=&#8220;off&#8220;]<\/p>\n<p>(+216) 98 319 306<\/p>\n<p>[\/et_pb_blurb][\/et_pb_column][\/et_pb_row][\/et_pb_section]<\/p>\n","protected":false},"excerpt":{"rendered":"<p>[et_pb_section fb_built=&#8220;1&#8243; custom_padding_last_edited=&#8220;on|phone&#8220; admin_label=&#8220;Header&#8220; _builder_version=&#8220;3.22&#8243; use_background_color_gradient=&#8220;on&#8220; background_color_gradient_start=&#8220;rgba(60,190,190,0.2)&#8220; background_color_gradient_end=&#8220;rgba(255,255,255,0.98)&#8220; background_color_gradient_overlays_image=&#8220;on&#8220; background_image=&#8220;https:\/\/holiday-study.tn\/wp-content\/uploads\/2023\/12\/language-school-illustration-13.png&#8220; background_position=&#8220;bottom_center&#8220; custom_padding=&#8220;110px||110px||true|false&#8220; custom_padding_tablet=&#8220;140px|0px|50px|0px|false|false&#8220; custom_padding_phone=&#8220;120px|||&#8220;][et_pb_row _builder_version=&#8220;3.25&#8243; background_size=&#8220;initial&#8220; background_position=&#8220;top_left&#8220; background_repeat=&#8220;repeat&#8220; max_width=&#8220;1280px&#8220; use_custom_width=&#8220;on&#8220; custom_width_px=&#8220;1280px&#8220;][et_pb_column type=&#8220;4_4&#8243; _builder_version=&#8220;3.25&#8243; custom_padding=&#8220;|||&#8220; custom_padding__hover=&#8220;|||&#8220;][et_pb_text _builder_version=&#8220;4.5.0&#8243; text_font=&#8220;||||||||&#8220; text_font_size=&#8220;18px&#8220; text_line_height=&#8220;2em&#8220; header_font=&#8220;EB Garamond||||||||&#8220; header_font_size=&#8220;60px&#8220; header_line_height=&#8220;1.3em&#8220; text_orientation=&#8220;center&#8220; max_width=&#8220;600px&#8220; module_alignment=&#8220;center&#8220; text_font_size_tablet=&#8220;&#8220; text_font_size_phone=&#8220;15px&#8220; text_font_size_last_edited=&#8220;on|phone&#8220; text_line_height_tablet=&#8220;&#8220; text_line_height_phone=&#8220;1.6em&#8220; text_line_height_last_edited=&#8220;on|phone&#8220; header_font_size_tablet=&#8220;50px&#8220; header_font_size_phone=&#8220;32px&#8220; header_font_size_last_edited=&#8220;on|phone&#8220;] Kontaktieren Sie uns F\u00fcr weitere Informationen kontaktieren Sie uns noch [&hellip;]<\/p>\n","protected":false},"author":1,"featured_media":0,"parent":0,"menu_order":0,"comment_status":"closed","ping_status":"closed","template":"","meta":{"_et_pb_use_builder":"on","_et_pb_old_content":"","_et_gb_content_width":"","footnotes":""},"class_list":["post-526","page","type-page","status-publish","hentry"],"_links":{"self":[{"href":"https:\/\/holiday-study.tn\/de\/wp-json\/wp\/v2\/pages\/526","targetHints":{"allow":["GET"]}}],"collection":[{"href":"https:\/\/holiday-study.tn\/de\/wp-json\/wp\/v2\/pages"}],"about":[{"href":"https:\/\/holiday-study.tn\/de\/wp-json\/wp\/v2\/types\/page"}],"author":[{"embeddable":true,"href":"https:\/\/holiday-study.tn\/de\/wp-json\/wp\/v2\/users\/1"}],"replies":[{"embeddable":true,"href":"https:\/\/holiday-study.tn\/de\/wp-json\/wp\/v2\/comments?post=526"}],"version-history":[{"count":7,"href":"https:\/\/holiday-study.tn\/de\/wp-json\/wp\/v2\/pages\/526\/revisions"}],"predecessor-version":[{"id":664,"href":"https:\/\/holiday-study.tn\/de\/wp-json\/wp\/v2\/pages\/526\/revisions\/664"}],"wp:attachment":[{"href":"https:\/\/holiday-study.tn\/de\/wp-json\/wp\/v2\/media?parent=526"}],"curies":[{"name":"wp","href":"https:\/\/api.w.org\/{rel}","templated":true}]}}